{"id":1185,"date":"2016-09-05T19:52:33","date_gmt":"2016-09-05T19:52:33","guid":{"rendered":"http:\/\/demos.famethemes.com\/screenr\/?page_id=12"},"modified":"2023-10-17T20:25:01","modified_gmt":"2023-10-17T18:25:01","slug":"responsive-design","status":"publish","type":"page","link":"https:\/\/www.haveltech.fr\/?page_id=1185","title":{"rendered":"Savoir \u00catre"},"content":{"rendered":"\n<h3 class=\"wp-block-heading has-text-align-center\">Ce que je pense du savoir \u00eatre en entreprise<\/h3>\n\n\n\n<hr class=\"wp-block-separator aligncenter has-alpha-channel-opacity has-background is-style-wide\"\/>\n\n\n<p>Le savoir-\u00eatre est l&rsquo;ensemble des comportements, des attitudes et des valeurs qui permettent \u00e0 une personne de s&rsquo;int\u00e9grer efficacement dans un groupe ou une communaut\u00e9, de communiquer efficacement et de construire des relations positives avec les autres. Il comprend des qualit\u00e9s telles que la courtoisie, la diplomatie, l&#8217;empathie, la confiance en soi et la capacit\u00e9 \u00e0 r\u00e9soudre les conflits.<\/p>\n<p>Il correspond \u00e0 la <strong>capacit\u00e9 d\u2019agir et de r\u00e9agir<\/strong> de fa\u00e7on adapt\u00e9e \u00e0 notre environnement, humain comme \u00e9cologique. Dans le monde du travail, il s&rsquo;agit donc de savoir trouver le <strong>bon comportement<\/strong>\u00a0en entreprise, avec des clients, avec ses coll\u00e8gues ou ses sup\u00e9rieurs. On parle \u00e9galement de savoir-faire relationnel ou encore de qualit\u00e9s personnelles.<\/p>\n<p>Il est important de noter que le\u00a0<strong>savoir-\u00eatre<\/strong>\u00a0est indissociable des\u00a0<strong>savoirs<\/strong>\u00a0et du\u00a0<strong>savoir-faire<\/strong>. Ce sont en effet\u00a0<strong>trois notions qui se compl\u00e8tent<\/strong>. Le savoir c\u2019est ce que nous savons, nos comp\u00e9tences th\u00e9oriques ; le savoir-faire c\u2019est ce que nous savons faire, nos comp\u00e9tences pratiques, op\u00e9rationnelles ; enfin, le savoir-\u00eatre correspond \u00e0 ce que nous sommes, \u00e0 nos comp\u00e9tences relationnelles. Ces notions se compl\u00e8tent et ont une influence les unes sur les autres.<\/p>\n\n\n<figure class=\"wp-block-image size-large\"><img loading=\"lazy\" decoding=\"async\" width=\"1024\" height=\"607\" src=\"https:\/\/www.haveltech.fr\/wp-content\/uploads\/2023\/01\/teamwork-g29431f2c4_1280-1024x607.png\" alt=\"\" class=\"wp-image-1392\" srcset=\"https:\/\/www.haveltech.fr\/wp-content\/uploads\/2023\/01\/teamwork-g29431f2c4_1280-1024x607.png 1024w, https:\/\/www.haveltech.fr\/wp-content\/uploads\/2023\/01\/teamwork-g29431f2c4_1280-300x178.png 300w, https:\/\/www.haveltech.fr\/wp-content\/uploads\/2023\/01\/teamwork-g29431f2c4_1280-768x455.png 768w, https:\/\/www.haveltech.fr\/wp-content\/uploads\/2023\/01\/teamwork-g29431f2c4_1280.png 1280w\" sizes=\"auto, (max-width: 1024px) 100vw, 1024px\" \/><\/figure>\n","protected":false},"excerpt":{"rendered":"<p>S\u00e9rieux<\/p>\n<p>Calme<\/p>\n<p>Curieux<\/p>\n<p>Perfectionniste<\/p>\n","protected":false},"author":2,"featured_media":0,"parent":0,"menu_order":0,"comment_status":"closed","ping_status":"closed","template":"","meta":{"footnotes":""},"class_list":["post-1185","page","type-page","status-publish","hentry"],"_links":{"self":[{"href":"https:\/\/www.haveltech.fr\/index.php?rest_route=\/wp\/v2\/pages\/1185","targetHints":{"allow":["GET"]}}],"collection":[{"href":"https:\/\/www.haveltech.fr\/index.php?rest_route=\/wp\/v2\/pages"}],"about":[{"href":"https:\/\/www.haveltech.fr\/index.php?rest_route=\/wp\/v2\/types\/page"}],"author":[{"embeddable":true,"href":"https:\/\/www.haveltech.fr\/index.php?rest_route=\/wp\/v2\/users\/2"}],"replies":[{"embeddable":true,"href":"https:\/\/www.haveltech.fr\/index.php?rest_route=%2Fwp%2Fv2%2Fcomments&post=1185"}],"version-history":[{"count":9,"href":"https:\/\/www.haveltech.fr\/index.php?rest_route=\/wp\/v2\/pages\/1185\/revisions"}],"predecessor-version":[{"id":1461,"href":"https:\/\/www.haveltech.fr\/index.php?rest_route=\/wp\/v2\/pages\/1185\/revisions\/1461"}],"wp:attachment":[{"href":"https:\/\/www.haveltech.fr\/index.php?rest_route=%2Fwp%2Fv2%2Fmedia&parent=1185"}],"curies":[{"name":"wp","href":"https:\/\/api.w.org\/{rel}","templated":true}]}}